{"id":11,"date":"2024-09-30T21:47:20","date_gmt":"2024-10-01T00:47:20","guid":{"rendered":"https:\/\/applico.com.br\/residencialapplico\/?post_type=product&#038;p=11"},"modified":"2024-12-03T11:38:36","modified_gmt":"2024-12-03T14:38:36","slug":"residencial-applico","status":"publish","type":"product","link":"https:\/\/applico.com.br\/residencialapplico\/produto\/residencial-applico\/","title":{"rendered":"Residencial Applico"},"content":{"rendered":"<p>Atrav\u00e9s de uma concep\u00e7\u00e3o de alto padr\u00e3o com arquitetura contempor\u00e2nea, uso misto com pavimento t\u00e9rreo destinado a com\u00e9rcios e servi\u00e7os, estrutura completa de lazer, espa\u00e7os de uso compartilhado e frui\u00e7\u00e3o p\u00fablica entre as ruas Domingos do Carmo Leite e Eug\u00eanio Berti, o V\u00e9rtice Caieiras proporciona praticidade e qualidade de vida aos seus moradores convergindo em um s\u00f3 local conforto, lazer e conveni\u00eancia.<\/p>\n","protected":false},"excerpt":{"rendered":"<p>Atrav\u00e9s de uma concep\u00e7\u00e3o de alto padr\u00e3o com arquitetura contempor\u00e2nea, uso misto com pavimento t\u00e9rreo destinado a com\u00e9rcios e servi\u00e7os, estrutura completa de lazer, espa\u00e7os de uso compartilhado e frui\u00e7\u00e3o p\u00fablica entre as ruas Domingos do Carmo Leite e Eug\u00eanio Berti, o V\u00e9rtice Caieiras proporciona praticidade e qualidade de vida aos seus moradores convergindo em [&hellip;]<\/p>\n","protected":false},"featured_media":33,"template":"","meta":{"_acf_changed":false},"product_cat":[15],"product_tag":[],"class_list":{"0":"post-11","1":"product","2":"type-product","3":"status-publish","4":"has-post-thumbnail","6":"product_cat-sem-categoria","8":"first","9":"instock","10":"sale","11":"shipping-taxable","12":"purchasable","13":"product-type-simple"},"acf":[],"_links":{"self":[{"href":"https:\/\/applico.com.br\/residencialapplico\/wp-json\/wp\/v2\/product\/11"}],"collection":[{"href":"https:\/\/applico.com.br\/residencialapplico\/wp-json\/wp\/v2\/product"}],"about":[{"href":"https:\/\/applico.com.br\/residencialapplico\/wp-json\/wp\/v2\/types\/product"}],"wp:featuredmedia":[{"embeddable":true,"href":"https:\/\/applico.com.br\/residencialapplico\/wp-json\/wp\/v2\/media\/33"}],"wp:attachment":[{"href":"https:\/\/applico.com.br\/residencialapplico\/wp-json\/wp\/v2\/media?parent=11"}],"wp:term":[{"taxonomy":"product_cat","embeddable":true,"href":"https:\/\/applico.com.br\/residencialapplico\/wp-json\/wp\/v2\/product_cat?post=11"},{"taxonomy":"product_tag","embeddable":true,"href":"https:\/\/applico.com.br\/residencialapplico\/wp-json\/wp\/v2\/product_tag?post=11"}],"curies":[{"name":"wp","href":"https:\/\/api.w.org\/{rel}","templated":true}]}}